{"id":10,"date":"2014-09-25T16:13:20","date_gmt":"2014-09-25T16:13:20","guid":{"rendered":"http:\/\/55515c23478c553f2d065de3adcc63ac99ac531a.web12.temporaryurl.org\/?page_id=10"},"modified":"2014-09-25T21:41:26","modified_gmt":"2014-09-25T19:41:26","slug":"praktiske-oplysninger","status":"publish","type":"page","link":"https:\/\/sandbyforsamlingshus.dk\/?page_id=10","title":{"rendered":"Praktiske oplysninger"},"content":{"rendered":"<p><a href=\"http:\/\/sandbyforsamlingshus.dk\/wp-content\/uploads\/2014\/09\/bord.jpg\"><img loading=\"lazy\" decoding=\"async\" class=\"alignright wp-image-53 size-medium\" src=\"http:\/\/sandbyforsamlingshus.dk\/wp-content\/uploads\/2014\/09\/bord-165x300.jpg\" alt=\"bord\" width=\"165\" height=\"300\" srcset=\"https:\/\/sandbyforsamlingshus.dk\/wp-content\/uploads\/2014\/09\/bord-165x300.jpg 165w, https:\/\/sandbyforsamlingshus.dk\/wp-content\/uploads\/2014\/09\/bord.jpg 220w\" sizes=\"auto, (max-width: 165px) 100vw, 165px\" \/><\/a>Vores forsamlingshus har et stort k\u00f8kken med komfur og opvaskemaskine, der er tilg\u00e6ngeligt for lejeren. Derudover er der 8 stk. borde p\u00e5\u00a080 x 180 cm, samt 8 stk. borde p\u00e5\u00a080 x 120 cm, hvilket giver plads til 85 personer. Der er tilst\u00f8dende lokale som kan fungere som velkomst rum for eventuelle g\u00e6ster.<\/p>\n","protected":false},"excerpt":{"rendered":"<p>Vores forsamlingshus har et stort k\u00f8kken med komfur og opvaskemaskine, der er tilg\u00e6ngeligt for lejeren. Derudover er der 8 stk. borde p\u00e5\u00a080 x 180 cm, samt 8 stk. borde p\u00e5\u00a080 x 120 cm, hvilket giver plads til 85 personer. Der er tilst\u00f8dende lokale som kan fungere som velkomst rum for eventuelle g\u00e6ster.<\/p>\n","protected":false},"author":1,"featured_media":0,"parent":0,"menu_order":0,"comment_status":"open","ping_status":"open","template":"page-templates\/front-page.php","meta":{"footnotes":""},"class_list":["post-10","page","type-page","status-publish","hentry"],"_links":{"self":[{"href":"https:\/\/sandbyforsamlingshus.dk\/index.php?rest_route=\/wp\/v2\/pages\/10","targetHints":{"allow":["GET"]}}],"collection":[{"href":"https:\/\/sandbyforsamlingshus.dk\/index.php?rest_route=\/wp\/v2\/pages"}],"about":[{"href":"https:\/\/sandbyforsamlingshus.dk\/index.php?rest_route=\/wp\/v2\/types\/page"}],"author":[{"embeddable":true,"href":"https:\/\/sandbyforsamlingshus.dk\/index.php?rest_route=\/wp\/v2\/users\/1"}],"replies":[{"embeddable":true,"href":"https:\/\/sandbyforsamlingshus.dk\/index.php?rest_route=%2Fwp%2Fv2%2Fcomments&post=10"}],"version-history":[{"count":11,"href":"https:\/\/sandbyforsamlingshus.dk\/index.php?rest_route=\/wp\/v2\/pages\/10\/revisions"}],"predecessor-version":[{"id":81,"href":"https:\/\/sandbyforsamlingshus.dk\/index.php?rest_route=\/wp\/v2\/pages\/10\/revisions\/81"}],"wp:attachment":[{"href":"https:\/\/sandbyforsamlingshus.dk\/index.php?rest_route=%2Fwp%2Fv2%2Fmedia&parent=10"}],"curies":[{"name":"wp","href":"https:\/\/api.w.org\/{rel}","templated":true}]}}