{"id":6,"date":"2014-09-25T16:12:19","date_gmt":"2014-09-25T16:12:19","guid":{"rendered":"http:\/\/55515c23478c553f2d065de3adcc63ac99ac531a.web12.temporaryurl.org\/?page_id=6"},"modified":"2014-09-25T21:40:11","modified_gmt":"2014-09-25T19:40:11","slug":"forside","status":"publish","type":"page","link":"https:\/\/sandbyforsamlingshus.dk\/","title":{"rendered":""},"content":{"rendered":"<p><a href=\"http:\/\/sandbyforsamlingshus.dk\/wp-content\/uploads\/2014\/09\/velkommen.jpg\"><img loading=\"lazy\" decoding=\"async\" class=\"alignnone wp-image-55 size-medium\" src=\"http:\/\/sandbyforsamlingshus.dk\/wp-content\/uploads\/2014\/09\/velkommen-300x193.jpg\" alt=\"velkommen\" width=\"300\" height=\"193\" srcset=\"https:\/\/sandbyforsamlingshus.dk\/wp-content\/uploads\/2014\/09\/velkommen-300x193.jpg 300w, https:\/\/sandbyforsamlingshus.dk\/wp-content\/uploads\/2014\/09\/velkommen.jpg 400w\" sizes=\"auto, (max-width: 300px) 100vw, 300px\" \/><\/a><\/p>\n<p>Velkommen til vores side<\/p>\n<p>P\u00e5 denne side kan du se nogle praktiske oplysninger omkring vores reglement og lejepriser.<br \/>\nI vores kalender kan du se om forsamlingshuset er ledigt p\u00e5 den \u00f8nskede dato.<br \/>\nDu er velkommen til at kontakte os p\u00e5 telefon for yderligere oplysninger.<\/p>\n<p>Bestyrelsen<\/p>\n","protected":false},"excerpt":{"rendered":"<p>Velkommen til vores side P\u00e5 denne side kan du se nogle praktiske oplysninger omkring vores reglement og lejepriser. I vores kalender kan du se om forsamlingshuset er ledigt p\u00e5 den \u00f8nskede dato. Du er velkommen til at kontakte os p\u00e5 telefon for yderligere oplysninger. Bestyrelsen<\/p>\n","protected":false},"author":1,"featured_media":0,"parent":0,"menu_order":0,"comment_status":"open","ping_status":"open","template":"page-templates\/front-page.php","meta":{"footnotes":""},"class_list":["post-6","page","type-page","status-publish","hentry"],"_links":{"self":[{"href":"https:\/\/sandbyforsamlingshus.dk\/index.php?rest_route=\/wp\/v2\/pages\/6","targetHints":{"allow":["GET"]}}],"collection":[{"href":"https:\/\/sandbyforsamlingshus.dk\/index.php?rest_route=\/wp\/v2\/pages"}],"about":[{"href":"https:\/\/sandbyforsamlingshus.dk\/index.php?rest_route=\/wp\/v2\/types\/page"}],"author":[{"embeddable":true,"href":"https:\/\/sandbyforsamlingshus.dk\/index.php?rest_route=\/wp\/v2\/users\/1"}],"replies":[{"embeddable":true,"href":"https:\/\/sandbyforsamlingshus.dk\/index.php?rest_route=%2Fwp%2Fv2%2Fcomments&post=6"}],"version-history":[{"count":6,"href":"https:\/\/sandbyforsamlingshus.dk\/index.php?rest_route=\/wp\/v2\/pages\/6\/revisions"}],"predecessor-version":[{"id":79,"href":"https:\/\/sandbyforsamlingshus.dk\/index.php?rest_route=\/wp\/v2\/pages\/6\/revisions\/79"}],"wp:attachment":[{"href":"https:\/\/sandbyforsamlingshus.dk\/index.php?rest_route=%2Fwp%2Fv2%2Fmedia&parent=6"}],"curies":[{"name":"wp","href":"https:\/\/api.w.org\/{rel}","templated":true}]}}