{"id":8,"date":"2014-09-25T16:12:46","date_gmt":"2014-09-25T16:12:46","guid":{"rendered":"http:\/\/55515c23478c553f2d065de3adcc63ac99ac531a.web12.temporaryurl.org\/?page_id=8"},"modified":"2026-03-23T19:09:31","modified_gmt":"2026-03-23T18:09:31","slug":"reglement","status":"publish","type":"page","link":"https:\/\/sandbyforsamlingshus.dk\/?page_id=8","title":{"rendered":"Reglement"},"content":{"rendered":"<div align=\"left\"><strong>Reglement ved private sammenkomster, hvor lejeren selv er v\u00e6rt.<\/strong><\/div>\n<div align=\"left\"><\/div>\n<div align=\"left\">1.<\/div>\n<div align=\"left\">Lejem\u00e5let g\u00e5r fra dagen f\u00f8r dagen kl. 12:00, til dagen efter kl. 18:00.<\/div>\n<div align=\"left\">Lejen er for hele huset i alt <strong>kr. 4.500,00<\/strong><\/div>\n<div align=\"left\">Leje af ekstra dag til afrydning <strong>kr. 600,00<\/strong><\/div>\n<div align=\"left\">Lejem\u00e5let tr\u00e6der f\u00f8rst i kraft, n\u00e5r der er underskrevet.<\/div>\n<div align=\"left\">Dette g\u00f8res ved n\u00f8gleafhentning\/betaling.<\/div>\n<div align=\"left\"><\/div>\n<div align=\"left\">Retningslinjer vedr. aflysning af bestilt\/reserveret lokale.<\/div>\n<div align=\"left\">Ved aflysning\/afbestilling af reservation koster det depositum.<\/div>\n<div align=\"left\">For reservation af lokale p\u00e5 anden dato, indeb\u00e6rer nyt depositum.<\/div>\n<div align=\"left\"><\/div>\n<div align=\"left\">2.<\/div>\n<div align=\"left\">Lejeren skal drage omsorg for at der ikke under sammenkomster s\u00e6lges drikkevarer m.m. (if\u00f8lge lov).<\/div>\n<div align=\"left\"><\/div>\n<div align=\"left\">3.<\/div>\n<div align=\"left\">Lejeren vil af den tilsynsf\u00f8rende f\u00e5 oplysning om varme, lys og ventilation.<\/div>\n<div align=\"left\"><\/div>\n<div align=\"left\">4.<\/div>\n<div align=\"left\">Porcel\u00e6n og bestik lejes \u00e1 <strong>kr. 15,00 pr. kuvert.<\/strong><\/div>\n<div align=\"left\">Kun forsamlingshusets porcel\u00e6n m\u00e5 benyttes.<\/div>\n<div align=\"left\">Der m\u00e5 <span style=\"text-decoration: underline;\">ikke fjernes porcel\u00e6n fra forsamlingshuset.<\/span><\/div>\n<div align=\"left\">Medbring derfor selv emballage til evt. madrester.<\/div>\n<div align=\"left\"><\/div>\n<div align=\"left\">5.<\/div>\n<div align=\"left\">Hvis glas eller andet service er sk\u00e5ret eller itusl\u00e5et, skal det erstattes og betales sammen med n\u00f8gleaflevering i den gr\u00f8nne postkasse.<\/div>\n<div align=\"left\">Prisliste findes i forsamlingshuset.<\/div>\n<div align=\"left\"><\/div>\n<div align=\"left\">6.<\/div>\n<div align=\"left\">Omforandringer ved el-installationer m.v. <em><span style=\"text-decoration: underline;\">m\u00e5 ikke finde sted.<\/span><\/em><\/div>\n<div align=\"left\"><\/div>\n<div align=\"left\">7.<\/div>\n<div align=\"left\">Lejeren er ansvarlig for fornuftig afbenyttelse af forsamlingshuset, og er erstatningspligtig af skader fremkommet p\u00e5 grund h\u00e6rv\u00e6rk o.l. For str\u00f8msvigt, tyveri m.m. har forsamlingshuset intet ansvar.<\/div>\n<div align=\"left\"><\/div>\n<div align=\"left\">8.<\/div>\n<div align=\"left\">Affyring af fyrv\u00e6rkeri og lignende b\u00e5de ude og inde er <em><span style=\"text-decoration: underline;\">forbudt.<\/span><\/em> Overtr\u00e6delse vil medf\u00f8re politianmeldelse.<\/div>\n<div align=\"left\"><\/div>\n<div align=\"left\">9.<\/div>\n<div align=\"left\">Lejeren skal efter sammenkomster <span style=\"text-decoration: underline;\"><em>rydde op b\u00e5de ude og inde, samt fjerne alt emballage og affald der m\u00e5tte v\u00e6re fremkommet.<\/em><\/span><\/div>\n<div align=\"left\"><span style=\"text-decoration: underline;\"><em>Gulvene skal fejes,<\/em><\/span> men ikke vaskes.<\/div>\n<div align=\"left\">Cigaretskoder skal fjernes fra begge askeb\u00e6ger p\u00e5 trappen.<\/div>\n<div align=\"left\">Kun i tilf\u00e6lde af s\u00e6rlig tilsnavsning skal afvaskning finde sted.<\/div>\n<div align=\"left\">Borde og stole skal efter brugen sammens\u00e6ttes efter n\u00e6rmere anvisning.<\/div>\n<div align=\"left\">I tilf\u00e6lde af kraftig tilsnavsning af WC. osv. kan p\u00e5l\u00f8be ekstra regning p\u00e5\u00a0<strong>kr. 300,00<\/strong><\/div>\n<div align=\"left\"><\/div>\n<div align=\"left\">10.<\/div>\n<div align=\"left\">Ingen under 18 \u00e5r kan leje forsamlingshuset.<\/div>\n<div align=\"left\"><\/div>\n<div align=\"left\">11.<\/div>\n<div align=\"left\">Den tilsynsf\u00f8rende har under lejem\u00e5let ret til uanmeldt inspektion.<\/div>\n<div align=\"left\"><\/div>\n<div align=\"left\">12.<\/div>\n<div align=\"left\">Husk at skrue ned for varmen, alle radiatorer s\u00e6ttes p\u00e5 1 efter brug.<\/div>\n<div align=\"left\"><\/div>\n<div align=\"left\">13.<\/div>\n<div align=\"left\">K\u00f8leskab og fryser skal slukkes efter brug, og skabsd\u00f8rene efterlades \u00e5bne.<\/div>\n<div align=\"left\"><\/div>\n<div align=\"left\">14.<\/div>\n<div align=\"left\">Husk at slukke og lukke vandet ud samt afrense alle filtre i opvaskemaskinen inden aflevering af huset.<\/div>\n","protected":false},"excerpt":{"rendered":"<p>Reglement ved private sammenkomster, hvor lejeren selv er v\u00e6rt. 1. Lejem\u00e5let g\u00e5r fra dagen f\u00f8r dagen kl. 12:00, til dagen efter kl. 18:00. Lejen er for hele huset i alt kr. 4.500,00 Leje af ekstra dag til afrydning kr. 600,00 Lejem\u00e5let tr\u00e6der f\u00f8rst i kraft, n\u00e5r der er underskrevet. Dette g\u00f8res ved n\u00f8gleafhentning\/betaling. Retningslinjer vedr. [&hellip;]<\/p>\n","protected":false},"author":1,"featured_media":0,"parent":0,"menu_order":0,"comment_status":"open","ping_status":"open","template":"page-templates\/front-page.php","meta":{"footnotes":""},"class_list":["post-8","page","type-page","status-publish","hentry"],"_links":{"self":[{"href":"https:\/\/sandbyforsamlingshus.dk\/index.php?rest_route=\/wp\/v2\/pages\/8","targetHints":{"allow":["GET"]}}],"collection":[{"href":"https:\/\/sandbyforsamlingshus.dk\/index.php?rest_route=\/wp\/v2\/pages"}],"about":[{"href":"https:\/\/sandbyforsamlingshus.dk\/index.php?rest_route=\/wp\/v2\/types\/page"}],"author":[{"embeddable":true,"href":"https:\/\/sandbyforsamlingshus.dk\/index.php?rest_route=\/wp\/v2\/users\/1"}],"replies":[{"embeddable":true,"href":"https:\/\/sandbyforsamlingshus.dk\/index.php?rest_route=%2Fwp%2Fv2%2Fcomments&post=8"}],"version-history":[{"count":9,"href":"https:\/\/sandbyforsamlingshus.dk\/index.php?rest_route=\/wp\/v2\/pages\/8\/revisions"}],"predecessor-version":[{"id":293,"href":"https:\/\/sandbyforsamlingshus.dk\/index.php?rest_route=\/wp\/v2\/pages\/8\/revisions\/293"}],"wp:attachment":[{"href":"https:\/\/sandbyforsamlingshus.dk\/index.php?rest_route=%2Fwp%2Fv2%2Fmedia&parent=8"}],"curies":[{"name":"wp","href":"https:\/\/api.w.org\/{rel}","templated":true}]}}